{"id":815,"date":"2020-01-02T17:30:27","date_gmt":"2020-01-02T16:30:27","guid":{"rendered":"https:\/\/www.va-fighters.com\/mias\/muj-ucet\/"},"modified":"2020-01-02T17:30:27","modified_gmt":"2020-01-02T16:30:27","slug":"muj-ucet","status":"publish","type":"page","link":"https:\/\/miasoc.cz\/en\/muj-ucet\/","title":{"rendered":"M\u016fj \u00fa\u010det"},"content":{"rendered":"<div class=\"woocommerce\"><\/div>\n","protected":false},"excerpt":{"rendered":"","protected":false},"author":1,"featured_media":0,"parent":0,"menu_order":0,"comment_status":"closed","ping_status":"closed","template":"","meta":[],"_links":{"self":[{"href":"https:\/\/miasoc.cz\/en\/wp-json\/wp\/v2\/pages\/815"}],"collection":[{"href":"https:\/\/miasoc.cz\/en\/wp-json\/wp\/v2\/pages"}],"about":[{"href":"https:\/\/miasoc.cz\/en\/wp-json\/wp\/v2\/types\/page"}],"author":[{"embeddable":true,"href":"https:\/\/miasoc.cz\/en\/wp-json\/wp\/v2\/users\/1"}],"replies":[{"embeddable":true,"href":"https:\/\/miasoc.cz\/en\/wp-json\/wp\/v2\/comments?post=815"}],"version-history":[{"count":0,"href":"https:\/\/miasoc.cz\/en\/wp-json\/wp\/v2\/pages\/815\/revisions"}],"wp:attachment":[{"href":"https:\/\/miasoc.cz\/en\/wp-json\/wp\/v2\/media?parent=815"}],"curies":[{"name":"wp","href":"https:\/\/api.w.org\/{rel}","templated":true}]}}