{"id":297,"date":"2020-03-15T23:20:12","date_gmt":"2020-03-15T22:20:12","guid":{"rendered":"https:\/\/www.va-fighters.com\/mias\/?page_id=297"},"modified":"2024-11-21T13:46:53","modified_gmt":"2024-11-21T12:46:53","slug":"homepage","status":"publish","type":"page","link":"https:\/\/miasoc.cz\/en\/","title":{"rendered":"Homepage"},"content":{"rendered":"\n<p>Poctiv\u00fd \u010desk\u00fd v\u00fdrobce kompletn\u00edho kancel\u00e1\u0159sk\u00e9ho n\u00e1bytku<\/p>\n","protected":false},"excerpt":{"rendered":"<p>Poctiv\u00fd \u010desk\u00fd v\u00fdrobce kompletn\u00edho kancel\u00e1\u0159sk\u00e9ho n\u00e1bytku<\/p>\n","protected":false},"author":1,"featured_media":0,"parent":0,"menu_order":0,"comment_status":"closed","ping_status":"closed","template":"page-home.php","meta":[],"_links":{"self":[{"href":"https:\/\/miasoc.cz\/en\/wp-json\/wp\/v2\/pages\/297"}],"collection":[{"href":"https:\/\/miasoc.cz\/en\/wp-json\/wp\/v2\/pages"}],"about":[{"href":"https:\/\/miasoc.cz\/en\/wp-json\/wp\/v2\/types\/page"}],"author":[{"embeddable":true,"href":"https:\/\/miasoc.cz\/en\/wp-json\/wp\/v2\/users\/1"}],"replies":[{"embeddable":true,"href":"https:\/\/miasoc.cz\/en\/wp-json\/wp\/v2\/comments?post=297"}],"version-history":[{"count":4,"href":"https:\/\/miasoc.cz\/en\/wp-json\/wp\/v2\/pages\/297\/revisions"}],"predecessor-version":[{"id":14800,"href":"https:\/\/miasoc.cz\/en\/wp-json\/wp\/v2\/pages\/297\/revisions\/14800"}],"wp:attachment":[{"href":"https:\/\/miasoc.cz\/en\/wp-json\/wp\/v2\/media?parent=297"}],"curies":[{"name":"wp","href":"https:\/\/api.w.org\/{rel}","templated":true}]}}