{"id":7893,"date":"2022-04-06T12:38:55","date_gmt":"2022-04-06T10:38:55","guid":{"rendered":"http:\/\/miasoc.cz.uvirt97.active24.cz\/schutz-personenbezogener-daten\/"},"modified":"2024-11-21T13:43:40","modified_gmt":"2024-11-21T12:43:40","slug":"schutz-personenbezogener-daten","status":"publish","type":"page","link":"https:\/\/miasoc.cz\/de\/schutz-personenbezogener-daten\/","title":{"rendered":"Schutz personenbezogener Daten"},"content":{"rendered":"\n<p>Odesl\u00e1n\u00edm kter\u00e9hokoliv kontaktn\u00edho, objedn\u00e1vkov\u00e9ho, nebo registra\u010dn\u00edho formul\u00e1\u0159e na webu <a href=\"https:\/\/www.miasoc.cz\">www.miasoc.cz<\/a> u\u017eivatel potvrzuje, \u017ee se sezn\u00e1mil s t\u00edmto prohl\u00e1\u0161en\u00edm o ochran\u011b osobn\u00edch \u00fadaj\u016f.<\/p>\n\n<p>Das Unternehmen Mias OC spol. s r.o., mit Sitz in: Krouna 322, 539 43 Krouna, ID-Nr.: 00529435, USt.-Nr.: CZ00529435 (nachstehend &#8220;Gesellschaft&#8221; genannt) verarbeitet personenbezogene Daten im Einklang mit dem Gesetz Nr. 101\/2000 Slg. \u00fcber den Schutz personenbezogener Daten.<\/p>\n\n<p>Das Unternehmen verarbeitet personenbezogene Daten zum Zweck der Erbringung von Dienstleistungen, die von Einzelpersonen angefordert werden, zur Erf\u00fcllung vertraglicher Verpflichtungen und zum Angebot von Handel und Dienstleistungen, auch \u00fcber elektronische Kommunikationsmittel. Die Daten werden im Umfang der personenbezogenen Daten verarbeitet, die dem Unternehmen von der Person, auf die sich die personenbezogenen Daten beziehen, zur Verf\u00fcgung gestellt werden. Die personenbezogenen Daten nat\u00fcrlicher Personen werden sowohl automatisch als auch manuell verarbeitet und k\u00f6nnen den Mitarbeitern des Unternehmens, den Vertragspartnern des Unternehmens und Dritten zur Verf\u00fcgung gestellt werden.&#13;\n&#13;\n<\/p>\n\n<p>Der Einzelne hat das Recht, von dem Unternehmen Auskunft \u00fcber den Umfang und die Art der Verarbeitung personenbezogener Daten zu verlangen, und er hat auch das Recht, jederzeit die L\u00f6schung personenbezogener Daten aus den Aufzeichnungen des Unternehmens zu verlangen. Der Kunde gibt seine Zustimmung zur Verarbeitung personenbezogener Daten auf unbestimmte Zeit.<\/p>\n","protected":false},"excerpt":{"rendered":"<p>Odesl\u00e1n\u00edm kter\u00e9hokoliv kontaktn\u00edho, objedn\u00e1vkov\u00e9ho, nebo registra\u010dn\u00edho formul\u00e1\u0159e na webu www.miasoc.cz u\u017eivatel potvrzuje, \u017ee se sezn\u00e1mil s t\u00edmto prohl\u00e1\u0161en\u00edm o ochran\u011b osobn\u00edch \u00fadaj\u016f. Das Unternehmen Mias OC spol. s r.o., mit Sitz in: Krouna 322, 539 43 Krouna, ID-Nr.: 00529435, USt.-Nr.: CZ00529435 (nachstehend &#8220;Gesellschaft&#8221; genannt) verarbeitet personenbezogene Daten im Einklang mit dem Gesetz Nr. 101\/2000 Slg. [&hellip;]<\/p>\n","protected":false},"author":1,"featured_media":0,"parent":0,"menu_order":0,"comment_status":"closed","ping_status":"closed","template":"page-univerzal.php","meta":[],"_links":{"self":[{"href":"https:\/\/miasoc.cz\/de\/wp-json\/wp\/v2\/pages\/7893"}],"collection":[{"href":"https:\/\/miasoc.cz\/de\/wp-json\/wp\/v2\/pages"}],"about":[{"href":"https:\/\/miasoc.cz\/de\/wp-json\/wp\/v2\/types\/page"}],"author":[{"embeddable":true,"href":"https:\/\/miasoc.cz\/de\/wp-json\/wp\/v2\/users\/1"}],"replies":[{"embeddable":true,"href":"https:\/\/miasoc.cz\/de\/wp-json\/wp\/v2\/comments?post=7893"}],"version-history":[{"count":3,"href":"https:\/\/miasoc.cz\/de\/wp-json\/wp\/v2\/pages\/7893\/revisions"}],"predecessor-version":[{"id":14797,"href":"https:\/\/miasoc.cz\/de\/wp-json\/wp\/v2\/pages\/7893\/revisions\/14797"}],"wp:attachment":[{"href":"https:\/\/miasoc.cz\/de\/wp-json\/wp\/v2\/media?parent=7893"}],"curies":[{"name":"wp","href":"https:\/\/api.w.org\/{rel}","templated":true}]}}