{"id":7693,"date":"2022-04-04T11:32:33","date_gmt":"2022-04-04T09:32:33","guid":{"rendered":"http:\/\/miasoc.cz.uvirt97.active24.cz\/produkte\/atypische-loesungen\/zubehoer\/"},"modified":"2024-01-30T14:51:27","modified_gmt":"2024-01-30T13:51:27","slug":"zubehoer","status":"publish","type":"page","link":"https:\/\/miasoc.cz\/de\/produkte\/atypische-loesungen\/zubehoer\/","title":{"rendered":"Zubeh\u00f6r"},"content":{"rendered":"\n<p>Unsere Produkte k\u00f6nnen mit Zubeh\u00f6r nachger\u00fcstet werden, um ihre Effizienz und Funktionalit\u00e4t zu erh\u00f6hen<\/p>\n","protected":false},"excerpt":{"rendered":"<p>Unsere Produkte k\u00f6nnen mit Zubeh\u00f6r nachger\u00fcstet werden, um ihre Effizienz und Funktionalit\u00e4t zu erh\u00f6hen<\/p>\n","protected":false},"author":534,"featured_media":0,"parent":7687,"menu_order":1,"comment_status":"closed","ping_status":"closed","template":"","meta":[],"_links":{"self":[{"href":"https:\/\/miasoc.cz\/de\/wp-json\/wp\/v2\/pages\/7693"}],"collection":[{"href":"https:\/\/miasoc.cz\/de\/wp-json\/wp\/v2\/pages"}],"about":[{"href":"https:\/\/miasoc.cz\/de\/wp-json\/wp\/v2\/types\/page"}],"author":[{"embeddable":true,"href":"https:\/\/miasoc.cz\/de\/wp-json\/wp\/v2\/users\/534"}],"replies":[{"embeddable":true,"href":"https:\/\/miasoc.cz\/de\/wp-json\/wp\/v2\/comments?post=7693"}],"version-history":[{"count":1,"href":"https:\/\/miasoc.cz\/de\/wp-json\/wp\/v2\/pages\/7693\/revisions"}],"predecessor-version":[{"id":7694,"href":"https:\/\/miasoc.cz\/de\/wp-json\/wp\/v2\/pages\/7693\/revisions\/7694"}],"up":[{"embeddable":true,"href":"https:\/\/miasoc.cz\/de\/wp-json\/wp\/v2\/pages\/7687"}],"wp:attachment":[{"href":"https:\/\/miasoc.cz\/de\/wp-json\/wp\/v2\/media?parent=7693"}],"curies":[{"name":"wp","href":"https:\/\/api.w.org\/{rel}","templated":true}]}}