{"id":7631,"date":"2022-04-01T14:24:03","date_gmt":"2022-04-01T12:24:03","guid":{"rendered":"http:\/\/miasoc.cz.uvirt97.active24.cz\/produkte\/speichersysteme\/schraenke-sn-und-kp\/"},"modified":"2024-05-27T13:02:26","modified_gmt":"2024-05-27T11:02:26","slug":"schraenke-sn-und-kp","status":"publish","type":"page","link":"https:\/\/miasoc.cz\/de\/produkte\/speichersysteme\/schraenke-sn-und-kp\/","title":{"rendered":"Schr\u00e4nke SN und KN"},"content":{"rendered":"\n<p>SN-Schr\u00e4nke mit aufliegenden T\u00fcren und Einlegeb\u00f6den der St\u00e4rke 19 mm<\/p>\n\n<p>KN-Schr\u00e4nke mit einliegenden T\u00fcren und Einlegeb\u00f6den der St\u00e4rke 25 mm<\/p>\n","protected":false},"excerpt":{"rendered":"<p>SN-Schr\u00e4nke mit aufliegenden T\u00fcren und Einlegeb\u00f6den der St\u00e4rke 19 mm KN-Schr\u00e4nke mit einliegenden T\u00fcren und Einlegeb\u00f6den der St\u00e4rke 25 mm<\/p>\n","protected":false},"author":534,"featured_media":1541,"parent":7630,"menu_order":1,"comment_status":"closed","ping_status":"closed","template":"","meta":[],"_links":{"self":[{"href":"https:\/\/miasoc.cz\/de\/wp-json\/wp\/v2\/pages\/7631"}],"collection":[{"href":"https:\/\/miasoc.cz\/de\/wp-json\/wp\/v2\/pages"}],"about":[{"href":"https:\/\/miasoc.cz\/de\/wp-json\/wp\/v2\/types\/page"}],"author":[{"embeddable":true,"href":"https:\/\/miasoc.cz\/de\/wp-json\/wp\/v2\/users\/534"}],"replies":[{"embeddable":true,"href":"https:\/\/miasoc.cz\/de\/wp-json\/wp\/v2\/comments?post=7631"}],"version-history":[{"count":11,"href":"https:\/\/miasoc.cz\/de\/wp-json\/wp\/v2\/pages\/7631\/revisions"}],"predecessor-version":[{"id":14158,"href":"https:\/\/miasoc.cz\/de\/wp-json\/wp\/v2\/pages\/7631\/revisions\/14158"}],"up":[{"embeddable":true,"href":"https:\/\/miasoc.cz\/de\/wp-json\/wp\/v2\/pages\/7630"}],"wp:featuredmedia":[{"embeddable":true,"href":"https:\/\/miasoc.cz\/de\/wp-json\/wp\/v2\/media\/1541"}],"wp:attachment":[{"href":"https:\/\/miasoc.cz\/de\/wp-json\/wp\/v2\/media?parent=7631"}],"curies":[{"name":"wp","href":"https:\/\/api.w.org\/{rel}","templated":true}]}}