{"id":691,"date":"2020-03-05T00:06:09","date_gmt":"2020-03-04T23:06:09","guid":{"rendered":"https:\/\/www.va-fighters.com\/mias\/cl-line\/"},"modified":"2024-02-07T09:19:27","modified_gmt":"2024-02-07T08:19:27","slug":"cl-line","status":"publish","type":"page","link":"https:\/\/miasoc.cz\/de\/produkte\/buerotische\/cl-line\/","title":{"rendered":"Standard line"},"content":{"rendered":"\n<p>Univerz\u00e1ln\u00ed a flexibiln\u00ed stolov\u00fd program pro pr\u00e1ci v modern\u00ed&nbsp;kancel\u00e1\u0159i<\/p>\n","protected":false},"excerpt":{"rendered":"<p>Univerz\u00e1ln\u00ed a flexibiln\u00ed stolov\u00fd program pro pr\u00e1ci v modern\u00ed&nbsp;kancel\u00e1\u0159i<\/p>\n","protected":false},"author":1,"featured_media":2277,"parent":7594,"menu_order":0,"comment_status":"closed","ping_status":"closed","template":"","meta":[],"_links":{"self":[{"href":"https:\/\/miasoc.cz\/de\/wp-json\/wp\/v2\/pages\/691"}],"collection":[{"href":"https:\/\/miasoc.cz\/de\/wp-json\/wp\/v2\/pages"}],"about":[{"href":"https:\/\/miasoc.cz\/de\/wp-json\/wp\/v2\/types\/page"}],"author":[{"embeddable":true,"href":"https:\/\/miasoc.cz\/de\/wp-json\/wp\/v2\/users\/1"}],"replies":[{"embeddable":true,"href":"https:\/\/miasoc.cz\/de\/wp-json\/wp\/v2\/comments?post=691"}],"version-history":[{"count":21,"href":"https:\/\/miasoc.cz\/de\/wp-json\/wp\/v2\/pages\/691\/revisions"}],"predecessor-version":[{"id":13151,"href":"https:\/\/miasoc.cz\/de\/wp-json\/wp\/v2\/pages\/691\/revisions\/13151"}],"up":[{"embeddable":true,"href":"https:\/\/miasoc.cz\/de\/wp-json\/wp\/v2\/pages\/7594"}],"wp:featuredmedia":[{"embeddable":true,"href":"https:\/\/miasoc.cz\/de\/wp-json\/wp\/v2\/media\/2277"}],"wp:attachment":[{"href":"https:\/\/miasoc.cz\/de\/wp-json\/wp\/v2\/media?parent=691"}],"curies":[{"name":"wp","href":"https:\/\/api.w.org\/{rel}","templated":true}]}}